{"id":12156,"date":"2022-06-30T06:16:38","date_gmt":"2022-06-30T06:16:38","guid":{"rendered":"http:\/\/192.168.0.150\/medicum\/?page_id=12156"},"modified":"2024-07-14T17:10:19","modified_gmt":"2024-07-14T17:10:19","slug":"specialistai","status":"publish","type":"page","link":"https:\/\/reabilvita.lt\/index.php\/specialistai\/","title":{"rendered":"Specialistai"},"content":{"rendered":"\t\t<div data-elementor-type=\"wp-page\" data-elementor-id=\"12156\" class=\"elementor elementor-12156\">\n\t\t\t\t\t\t<section class=\"elementor-section elementor-top-section elementor-element elementor-element-0749e62 elementor-section-stretched elementor-section-boxed elementor-section-height-default elementor-section-height-default\" data-id=\"0749e62\" data-element_type=\"section\" data-settings=\"{&quot;stretch_section&quot;:&quot;section-stretched&quot;,&quot;background_background&quot;:&quot;classic&quot;}\">\n\t\t\t\t\t\t<div class=\"elementor-container elementor-column-gap-default\">\n\t\t\t\t\t<div class=\"elementor-column elementor-col-100 elementor-top-column elementor-element elementor-element-754e3b9\" data-id=\"754e3b9\" data-element_type=\"column\">\n\t\t\t<div class=\"elementor-widget-wrap elementor-element-populated\">\n\t\t\t\t\t\t<div class=\"elementor-element elementor-element-3c931a9 elementor-widget elementor-widget-rs-heading\" data-id=\"3c931a9\" data-element_type=\"widget\" data-widget_type=\"rs-heading.default\">\n\t\t\t\t<div class=\"elementor-widget-container\">\n\t\t\t\n        <div class=\"prelements-heading default animate- center\">\n\n\n\n        \t<div class=\"title-inner\">        \t\t      \t\t\n\t            <h1 class=\"title\"><span class=\"watermark\"><\/span>Specialistai<\/h1>\t\t\t\t\n\t\t\t\t\t        <\/div>\n\t                <\/div>\n        \t\t<\/div>\n\t\t\t\t<\/div>\n\t\t\t\t<div class=\"elementor-element elementor-element-6e10f64 elementor-widget elementor-widget-rs-breadcrumb\" data-id=\"6e10f64\" data-element_type=\"widget\" data-widget_type=\"rs-breadcrumb.default\">\n\t\t\t\t<div class=\"elementor-widget-container\">\n\t\t\t                    <div class=\"breadcrumb-area style2\"> \n                <div class=\"breadcrumbs-inner\"> <!-- Breadcrumb NavXT 7.3.1 -->\n<span property=\"itemListElement\" typeof=\"ListItem\"><a property=\"item\" typeof=\"WebPage\" title=\"Go to Reabilvita.\" href=\"https:\/\/reabilvita.lt\" class=\"home\" ><span property=\"name\">Reabilvita<\/span><\/a><meta property=\"position\" content=\"1\"><\/span> &gt; <span property=\"itemListElement\" typeof=\"ListItem\"><a property=\"item\" typeof=\"WebPage\" title=\"Go to Naujienos.\" href=\"https:\/\/reabilvita.lt\/index.php\/naujienos\/\" class=\"post-root post post-post\" aria-current=\"page\"><span property=\"name\">Naujienos<\/span><\/a><meta property=\"position\" content=\"2\"><\/span><\/div>\n            <\/div> \n          \n    \t\t<\/div>\n\t\t\t\t<\/div>\n\t\t\t\t\t<\/div>\n\t\t<\/div>\n\t\t\t\t\t<\/div>\n\t\t<\/section>\n\t\t\t\t<section class=\"elementor-section elementor-top-section elementor-element elementor-element-6e2b007e elementor-section-stretched elementor-section-boxed elementor-section-height-default elementor-section-height-default\" data-id=\"6e2b007e\" data-element_type=\"section\" data-settings=\"{&quot;stretch_section&quot;:&quot;section-stretched&quot;}\">\n\t\t\t\t\t\t<div class=\"elementor-container elementor-column-gap-default\">\n\t\t\t\t\t<div class=\"elementor-column elementor-col-100 elementor-top-column elementor-element elementor-element-3a8fcaf2\" data-id=\"3a8fcaf2\" data-element_type=\"column\">\n\t\t\t<div class=\"elementor-widget-wrap elementor-element-populated\">\n\t\t\t\t\t\t<div class=\"elementor-element elementor-element-3f6daea0 elementor-widget elementor-widget-rs-heading\" data-id=\"3f6daea0\" data-element_type=\"widget\" data-widget_type=\"rs-heading.default\">\n\t\t\t\t<div class=\"elementor-widget-container\">\n\t\t\t\n        <div class=\"prelements-heading default animate- center\">\n\n\n\n        \t<div class=\"title-inner\">        \t\t      \t\t\n\t            <span class=\"sub-text \">M\u016bs\u0173 komanda<\/span><h2 class=\"title\"><span class=\"watermark\"><\/span>Susipa\u017einkite su savo srities profesionalais<\/h2>\t\t\t\t\n\t\t\t\t\t        <\/div>\n\t                <\/div>\n        \t\t<\/div>\n\t\t\t\t<\/div>\n\t\t\t\t<div class=\"elementor-element elementor-element-2ccdf171 elementor-widget elementor-widget-rsteam-slider\" data-id=\"2ccdf171\" data-element_type=\"widget\" data-widget_type=\"rsteam-slider.default\">\n\t\t\t\t<div class=\"elementor-widget-container\">\n\t\t\t\t\r\n\r\n\t\t<div class=\"rsaddon-unique-slider rs-team-slider rs-team team-slider-style6\">\r\n\r\n\r\n\t\t\t\t\t\t<div id=\"rsaddon-slick-slider-11725\" class=\"rs-addon-slider\" >\r\n\t\t\t\t \r\n\t\r\n<div class=\"team-item\">\r\n\t<div class=\"team-item-wrap\">\r\n\t\t<div class=\"team-inner-wrap\">\r\n\t\t\t<div class=\"image-wrap\">\r\n\r\n\t\t\t\t\t<a href=\"https:\/\/reabilvita.lt\/index.php\/teams\/julija-povilaite\/\">\r\n\t\t\t\t\t\t<img fetchpriority=\"high\" decoding=\"async\" width=\"520\" height=\"640\" src=\"https:\/\/reabilvita.lt\/wp-content\/uploads\/2022\/12\/Julija-Povilaite-520x640.jpg\" class=\"attachment-medicum_portfolio-slider size-medicum_portfolio-slider wp-post-image\" alt=\"\" \/>\t\t\t\t\t<\/a>\r\n\t\t\t<\/div>\t\r\n\t\t\t<div class=\"team-content\">\r\n\t\t\t\t<div class=\"member-desc\">\r\n\t\t\t\t\t<h3 class=\"team-name\"><a href=\"https:\/\/reabilvita.lt\/index.php\/teams\/julija-povilaite\/\">\r\n\t\t\t\t\tJulija Povilait\u0117<\/a><\/h3>\r\n\t\t\t\t\t<span class=\"team-title\"><\/span>\r\n\t\t\t\t<\/div>\t\t\r\n\t\t\t<\/div>\t\t\t\t\t\r\n  \t\t<\/div>\r\n  \t<\/div>\r\n<\/div>\r\n\r\n\r\n<div class=\"team-item\">\r\n\t<div class=\"team-item-wrap\">\r\n\t\t<div class=\"team-inner-wrap\">\r\n\t\t\t<div class=\"image-wrap\">\r\n\r\n\t\t\t\t\t<a href=\"https:\/\/reabilvita.lt\/index.php\/teams\/dovile-rakauskaite\/\">\r\n\t\t\t\t\t\t<img decoding=\"async\" width=\"520\" height=\"640\" src=\"https:\/\/reabilvita.lt\/wp-content\/uploads\/2022\/12\/Dovile-Rakauskaite-520x640.jpg\" class=\"attachment-medicum_portfolio-slider size-medicum_portfolio-slider wp-post-image\" alt=\"\" srcset=\"https:\/\/reabilvita.lt\/wp-content\/uploads\/2022\/12\/Dovile-Rakauskaite-520x640.jpg 520w, https:\/\/reabilvita.lt\/wp-content\/uploads\/2022\/12\/Dovile-Rakauskaite-243x300.jpg 243w, https:\/\/reabilvita.lt\/wp-content\/uploads\/2022\/12\/Dovile-Rakauskaite-768x947.jpg 768w, https:\/\/reabilvita.lt\/wp-content\/uploads\/2022\/12\/Dovile-Rakauskaite-1661x2048.jpg 1661w, https:\/\/reabilvita.lt\/wp-content\/uploads\/2022\/12\/Dovile-Rakauskaite-600x740.jpg 600w\" sizes=\"(max-width: 520px) 100vw, 520px\" \/>\t\t\t\t\t<\/a>\r\n\t\t\t<\/div>\t\r\n\t\t\t<div class=\"team-content\">\r\n\t\t\t\t<div class=\"member-desc\">\r\n\t\t\t\t\t<h3 class=\"team-name\"><a href=\"https:\/\/reabilvita.lt\/index.php\/teams\/dovile-rakauskaite\/\">\r\n\t\t\t\t\tDovil\u0117 Rakauskait\u0117<\/a><\/h3>\r\n\t\t\t\t\t<span class=\"team-title\"><\/span>\r\n\t\t\t\t<\/div>\t\t\r\n\t\t\t<\/div>\t\t\t\t\t\r\n  \t\t<\/div>\r\n  \t<\/div>\r\n<\/div>\r\n\r\n\r\n<div class=\"team-item\">\r\n\t<div class=\"team-item-wrap\">\r\n\t\t<div class=\"team-inner-wrap\">\r\n\t\t\t<div class=\"image-wrap\">\r\n\r\n\t\t\t\t\t<a href=\"https:\/\/reabilvita.lt\/index.php\/teams\/gintare-penkauskiene\/\">\r\n\t\t\t\t\t\t<img decoding=\"async\" width=\"520\" height=\"640\" src=\"https:\/\/reabilvita.lt\/wp-content\/uploads\/2020\/05\/image-520x640.jpeg\" class=\"attachment-medicum_portfolio-slider size-medicum_portfolio-slider wp-post-image\" alt=\"\" \/>\t\t\t\t\t<\/a>\r\n\t\t\t<\/div>\t\r\n\t\t\t<div class=\"team-content\">\r\n\t\t\t\t<div class=\"member-desc\">\r\n\t\t\t\t\t<h3 class=\"team-name\"><a href=\"https:\/\/reabilvita.lt\/index.php\/teams\/gintare-penkauskiene\/\">\r\n\t\t\t\t\tGintar\u0117 Penkauskien\u0117<\/a><\/h3>\r\n\t\t\t\t\t<span class=\"team-title\"><\/span>\r\n\t\t\t\t<\/div>\t\t\r\n\t\t\t<\/div>\t\t\t\t\t\r\n  \t\t<\/div>\r\n  \t<\/div>\r\n<\/div>\r\n\r\n\t\t\t<\/div>\r\n\t\t\t\r\n\t\t\t\r\n\t\t\r\n\r\n\r\n\t\t<div class=\"rsaddon-slider-conf wpsisac-hide\" data-conf=\"{&quot;slidesToShow&quot;:&quot;4&quot;,&quot;autoplaySpeed&quot;:3000,&quot;interval&quot;:3000,&quot;slidesToScroll&quot;:&quot;1&quot;,&quot;slider_autoplay&quot;:&quot;false&quot;,&quot;pauseOnHover&quot;:&quot;false&quot;,&quot;sliderDots&quot;:&quot;false&quot;,&quot;sliderNav&quot;:&quot;true&quot;,&quot;infinite&quot;:&quot;false&quot;,&quot;centerMode&quot;:&quot;false&quot;,&quot;col_lg&quot;:&quot;4&quot;,&quot;col_md&quot;:3,&quot;col_sm&quot;:2,&quot;col_xs&quot;:1}\"><\/div>\r\n\t\r\n\t\t\r\n\t<\/div>\r\n\r\n\t\t<script type=\"text\/javascript\"> \r\n\t\tjQuery(document).ready(function(){\r\n\t\t\tjQuery( '.rs-addon-slider' ).each(function( index ) {        \r\n\t        var slider_id       = jQuery(this).attr('id'); \r\n\t        var slider_conf     = jQuery.parseJSON( jQuery(this).closest('.rsaddon-unique-slider').find('.rsaddon-slider-conf').attr('data-conf'));\r\n\t       \r\n\t        if( typeof(slider_id) != 'undefined' && slider_id != '' ) {\r\n            jQuery('#'+slider_id).not('.slick-initialized').slick({\r\n            slidesToShow    : parseInt(slider_conf.col_lg),\r\n            centerMode      : (slider_conf.centerMode)  == \"true\" ? true : false,\r\n            dots            : (slider_conf.sliderDots)  == \"true\" ? true : false,\r\n            arrows          : (slider_conf.sliderNav) == \"true\" ? true : false,\r\n            autoplay        : (slider_conf.slider_autoplay) == \"true\" ? true : false,\r\n            slidesToScroll  : parseInt(slider_conf.slidesToScroll),\r\n            centerPadding   : '15px',\r\n            autoplaySpeed   : parseInt(slider_conf.autoplaySpeed),\r\n            pauseOnHover    : (slider_conf.pauseOnHover) == \"true\" ? true : false,\r\n            loop : false,\r\n\r\n            responsive: [{\r\n                breakpoint: 1200,\r\n                settings: {\r\n                    slidesToShow: parseInt(slider_conf.col_md),\r\n                }\r\n            }, \r\n            {\r\n                breakpoint: 992,\r\n                settings: {\r\n                    slidesToShow: parseInt(slider_conf.col_sm),\r\n                }\r\n            }, \r\n            {\r\n                breakpoint: 768,\r\n                settings: {\r\n                    arrows: false,\r\n                    slidesToShow: parseInt(slider_conf.col_xs),\r\n                }\r\n            }, ]\r\n            });\r\n        }\r\n\t   \r\n\t\t});\r\n\t});\r\n    <\/script>\r\n    \r\n    \r\n\t\t\t<\/div>\n\t\t\t\t<\/div>\n\t\t\t\t\t<\/div>\n\t\t<\/div>\n\t\t\t\t\t<\/div>\n\t\t<\/section>\n\t\t\t\t<\/div>\n\t\t","protected":false},"excerpt":{"rendered":"<p>Specialistai Reabilvita &gt; Naujienos M\u016bs\u0173 komanda Susipa\u017einkite su savo srities profesionalais Deimant\u0117 Bili\u016bnait\u0117 Julija Povilait\u0117 Dovil\u0117 Rakauskait\u0117 Gintar\u0117 Penkauskien\u0117<\/p>\n","protected":false},"author":1,"featured_media":0,"parent":0,"menu_order":0,"comment_status":"closed","ping_status":"closed","template":"","meta":{"om_disable_all_campaigns":false,"_monsterinsights_skip_tracking":false,"_monsterinsights_sitenote_active":false,"_monsterinsights_sitenote_note":"","_monsterinsights_sitenote_category":0,"footnotes":""},"aioseo_notices":[],"_links":{"self":[{"href":"https:\/\/reabilvita.lt\/index.php\/wp-json\/wp\/v2\/pages\/12156"}],"collection":[{"href":"https:\/\/reabilvita.lt\/index.php\/wp-json\/wp\/v2\/pages"}],"about":[{"href":"https:\/\/reabilvita.lt\/index.php\/wp-json\/wp\/v2\/types\/page"}],"author":[{"embeddable":true,"href":"https:\/\/reabilvita.lt\/index.php\/wp-json\/wp\/v2\/users\/1"}],"replies":[{"embeddable":true,"href":"https:\/\/reabilvita.lt\/index.php\/wp-json\/wp\/v2\/comments?post=12156"}],"version-history":[{"count":20,"href":"https:\/\/reabilvita.lt\/index.php\/wp-json\/wp\/v2\/pages\/12156\/revisions"}],"predecessor-version":[{"id":16134,"href":"https:\/\/reabilvita.lt\/index.php\/wp-json\/wp\/v2\/pages\/12156\/revisions\/16134"}],"wp:attachment":[{"href":"https:\/\/reabilvita.lt\/index.php\/wp-json\/wp\/v2\/media?parent=12156"}],"curies":[{"name":"wp","href":"https:\/\/api.w.org\/{rel}","templated":true}]}}